{"id":2,"date":"2023-05-05T17:25:31","date_gmt":"2023-05-05T17:25:31","guid":{"rendered":"https:\/\/wirth-holz.ch\/site\/?page_id=2"},"modified":"2025-09-15T09:31:24","modified_gmt":"2025-09-15T09:31:24","slug":"sample-page","status":"publish","type":"page","link":"https:\/\/wirth-holz.ch\/site\/","title":{"rendered":"Home"},"content":{"rendered":"<p>[et_pb_section fb_built=&#8220;1&#8243; _builder_version=&#8220;4.21.0&#8243; _module_preset=&#8220;default&#8220; background_image=&#8220;https:\/\/wirth-holz.ch\/site\/wp-content\/uploads\/2023\/06\/Wald-Juni-2.jpg&#8220; min_height=&#8220;677px&#8220; filter_saturate=&#8220;71%&#8220; filter_brightness=&#8220;108%&#8220; animation_style=&#8220;slide&#8220; animation_direction=&#8220;top&#8220; animation_speed_curve=&#8220;ease-out&#8220; global_colors_info=&#8220;{}&#8220;][et_pb_row column_structure=&#8220;1_3,2_3&#8243; _builder_version=&#8220;4.27.4&#8243; _module_preset=&#8220;default&#8220; min_height=&#8220;181px&#8220; custom_margin=&#8220;355px|auto||auto||&#8220; global_colors_info=&#8220;{}&#8220;][et_pb_column type=&#8220;1_3&#8243; _builder_version=&#8220;4.20.4&#8243; _module_preset=&#8220;default&#8220; global_colors_info=&#8220;{}&#8220;][et_pb_text _builder_version=&#8220;4.21.0&#8243; _module_preset=&#8220;default&#8220; global_colors_info=&#8220;{}&#8220;][\/et_pb_text][\/et_pb_column][et_pb_column type=&#8220;2_3&#8243; _builder_version=&#8220;4.20.4&#8243; _module_preset=&#8220;default&#8220; global_colors_info=&#8220;{}&#8220;][\/et_pb_column][\/et_pb_row][\/et_pb_section][et_pb_section fb_built=&#8220;1&#8243; fullwidth=&#8220;on&#8220; _builder_version=&#8220;4.21.0&#8243; _module_preset=&#8220;default&#8220; global_colors_info=&#8220;{}&#8220;][\/et_pb_section][et_pb_section fb_built=&#8220;1&#8243; _builder_version=&#8220;4.21.0&#8243; _module_preset=&#8220;default&#8220; background_color=&#8220;#f2f2f2&#8243; global_colors_info=&#8220;{}&#8220;][et_pb_row column_structure=&#8220;2_5,3_5&#8243; _builder_version=&#8220;4.20.4&#8243; _module_preset=&#8220;default&#8220; global_colors_info=&#8220;{}&#8220;][et_pb_column type=&#8220;2_5&#8243; _builder_version=&#8220;4.20.4&#8243; _module_preset=&#8220;default&#8220; global_colors_info=&#8220;{}&#8220;][et_pb_text _builder_version=&#8220;4.21.0&#8243; _module_preset=&#8220;default&#8220; global_colors_info=&#8220;{}&#8220;]<\/p>\n<h1>Regionaler Rohstoff<\/h1>\n<p>Wir verarbeiten zu 100% Schweizer Holz, \u00fcberwiegend aus der Region Z\u00fcrcher Unterland und dem angrenzenden Aargau. Nat\u00fcrlich bem\u00fchen wir uns auch die Wertsch\u00f6pfung m\u00f6glichst in der Region zu halten.<\/p>\n<p>Mit den W\u00e4ldern von B\u00fclach, \u00fcber den Stadlerberg bis hin zum Rhein, sowie jenen im Bachser-, Wehn- und Surbtal haben wir sehr sch\u00f6ne und gepflegte Forstreviere vor der Haust\u00fcre. Uns ist die partnerschaftliche und langfristige Zusammenarbeit mit den Forstrevieren, Gemeinden und den Waldbesitzern wichtig.<\/p>\n<p>Ganz getreu dieser Logik suchen wir auch den Absatz im nahem Umfeld und in der Region. Das spart Ressourcen und Transportwege.<\/p>\n<p>&nbsp;<\/p>\n<p>[\/et_pb_text][et_pb_image src=&#8220;https:\/\/wirth-holz.ch\/site\/wp-content\/uploads\/2023\/05\/Wald-Bachs-Herbstnebel-1.jpg&#8220; _builder_version=&#8220;4.23&#8243; _module_preset=&#8220;default&#8220; box_shadow_style=&#8220;preset2&#8243; global_colors_info=&#8220;{}&#8220;][\/et_pb_image][\/et_pb_column][et_pb_column type=&#8220;3_5&#8243; _builder_version=&#8220;4.20.4&#8243; _module_preset=&#8220;default&#8220; global_colors_info=&#8220;{}&#8220;][et_pb_image src=&#8220;https:\/\/wirth-holz.ch\/site\/wp-content\/uploads\/2023\/05\/Egg-und-Laegern.jpg&#8220; _builder_version=&#8220;4.23&#8243; _module_preset=&#8220;default&#8220; box_shadow_style=&#8220;preset2&#8243; global_colors_info=&#8220;{}&#8220;][\/et_pb_image][et_pb_text _builder_version=&#8220;4.20.4&#8243; _module_preset=&#8220;default&#8220; global_colors_info=&#8220;{}&#8220;]<\/p>\n<p>Dank einer engen Zusammenarbeit mit F\u00f6rstern und Beh\u00f6rden als Bautr\u00e4ger konnten wir schon Projekte realisieren, die explizit aus Holz der Region oder sogar der Gemeinde gebaut wurden.<\/p>\n<p>[\/et_pb_text][et_pb_button button_url=&#8220;https:\/\/wirth-holz.ch\/site\/?p=433&#8243; button_text=&#8220;Regional und Nachhaltig&#8220; _builder_version=&#8220;4.20.4&#8243; _module_preset=&#8220;default&#8220; global_colors_info=&#8220;{}&#8220;][\/et_pb_button][\/et_pb_column][\/et_pb_row][\/et_pb_section][et_pb_section fb_built=&#8220;1&#8243; _builder_version=&#8220;4.20.4&#8243; _module_preset=&#8220;default&#8220; global_colors_info=&#8220;{}&#8220;][et_pb_row column_structure=&#8220;1_2,1_2&#8243; _builder_version=&#8220;4.21.0&#8243; _module_preset=&#8220;default&#8220; global_colors_info=&#8220;{}&#8220;][et_pb_column type=&#8220;1_2&#8243; _builder_version=&#8220;4.20.4&#8243; _module_preset=&#8220;default&#8220; global_colors_info=&#8220;{}&#8220;][et_pb_text _builder_version=&#8220;4.21.0&#8243; _module_preset=&#8220;default&#8220; text_orientation=&#8220;right&#8220; custom_margin=&#8220;|-3px||||&#8220; global_colors_info=&#8220;{}&#8220;]<\/p>\n<h1>Produkte und Projekte<\/h1>\n<p>Aus unserer Produktion beliefern wir Kunden mit Produkten wie Kisten aller Art, Transportb\u00f6den, Pflanzkisten oder auch konfektionierten Verpackungsh\u00f6lzern. Die Verpackungsprodukte liefern wir an Verpackungsspezialisten oder die entsprechenden Logistikabteilungen der Industriekunden.<\/p>\n<p>Mit so genannten Halbfabrikaten beliefern wir Handwerker, die damit verschiedenste Projekte realisieren. Wir selbst bieten keine Montagen an, wir sind Produzenten f\u00fcr die Verarbeiter. Es freut uns jedoch, wenn wir in Zusammenarbeit mit den Partnern sch\u00f6ne und nachhaltige Projekte realisieren k\u00f6nnen.<\/p>\n<p>[\/et_pb_text][\/et_pb_column][et_pb_column type=&#8220;1_2&#8243; _builder_version=&#8220;4.21.0&#8243; _module_preset=&#8220;default&#8220; global_colors_info=&#8220;{}&#8220;][et_pb_image src=&#8220;https:\/\/wirth-holz.ch\/site\/wp-content\/uploads\/2023\/06\/Pallox-1.jpg&#8220; title_text=&#8220;Pallox 1&#8243; _builder_version=&#8220;4.23&#8243; _module_preset=&#8220;default&#8220; width=&#8220;74.7%&#8220; box_shadow_style=&#8220;preset2&#8243; global_colors_info=&#8220;{}&#8220;][\/et_pb_image][\/et_pb_column][\/et_pb_row][et_pb_row column_structure=&#8220;3_5,2_5&#8243; _builder_version=&#8220;4.20.4&#8243; _module_preset=&#8220;default&#8220; global_colors_info=&#8220;{}&#8220;][et_pb_column type=&#8220;3_5&#8243; _builder_version=&#8220;4.20.4&#8243; _module_preset=&#8220;default&#8220; global_colors_info=&#8220;{}&#8220;][et_pb_text _builder_version=&#8220;4.21.0&#8243; _module_preset=&#8220;default&#8220; global_colors_info=&#8220;{}&#8220;]<\/p>\n<h3>Unsere Produkte<\/h3>\n<p>Wir fertigen Verpackungen verschiedenster Art f\u00fcr Industrie- und Gewerbekunden sowie im kleinen Rahmen auch f\u00fcr Privatkunden an. Sie erhalten bei uns Massivholzkisten, Kisten aus Plattenmaterial, und Transportb\u00f6den. Und wir fertigen auch ausgekl\u00fcgelte, mehrfach verwendbare Kisten f\u00fcr Messe-Material.<\/p>\n<p>Zudem haben wir in gewissen Mengen sehr sch\u00f6nes Schweizer L\u00e4rchenholz aus der Region und produzieren daraus auf Mass Kisten und Pflanztr\u00f6ge f\u00fcr den Aussenbereich.<\/p>\n<p>[\/et_pb_text][et_pb_button button_url=&#8220;https:\/\/wirth-holz.ch\/site\/?cat=6&#8243; button_text=&#8220;Produkte&#8220; _builder_version=&#8220;4.20.4&#8243; _module_preset=&#8220;default&#8220; global_colors_info=&#8220;{}&#8220;][\/et_pb_button][et_pb_image src=&#8220;https:\/\/wirth-holz.ch\/site\/wp-content\/uploads\/2023\/09\/Wirth-Laerchentrue-offen-1.jpg&#8220; title_text=&#8220;Wirth L\u00e4rchentrue offen&#8220; _builder_version=&#8220;4.23&#8243; _module_preset=&#8220;default&#8220; box_shadow_style=&#8220;preset2&#8243; global_colors_info=&#8220;{}&#8220;][\/et_pb_image][\/et_pb_column][et_pb_column type=&#8220;2_5&#8243; _builder_version=&#8220;4.20.4&#8243; _module_preset=&#8220;default&#8220; global_colors_info=&#8220;{}&#8220;][et_pb_image src=&#8220;https:\/\/wirth-holz.ch\/site\/wp-content\/uploads\/2023\/06\/Maschinenkisten-2.jpg&#8220; title_text=&#8220;Maschinenkisten 2&#8243; _builder_version=&#8220;4.23&#8243; _module_preset=&#8220;default&#8220; box_shadow_style=&#8220;preset2&#8243; global_colors_info=&#8220;{}&#8220;][\/et_pb_image][\/et_pb_column][\/et_pb_row][et_pb_row column_structure=&#8220;2_5,3_5&#8243; _builder_version=&#8220;4.20.4&#8243; _module_preset=&#8220;default&#8220; global_colors_info=&#8220;{}&#8220;][et_pb_column type=&#8220;2_5&#8243; _builder_version=&#8220;4.20.4&#8243; _module_preset=&#8220;default&#8220; global_colors_info=&#8220;{}&#8220;][et_pb_image src=&#8220;https:\/\/wirth-holz.ch\/site\/wp-content\/uploads\/2023\/06\/Stadlerturm-1-frisch-prov.jpg&#8220; title_text=&#8220;Stadlerturm 1 frisch prov&#8220; url=&#8220;https:\/\/wirth-holz.ch\/site\/?p=391&#8243; _builder_version=&#8220;4.23&#8243; _module_preset=&#8220;default&#8220; box_shadow_style=&#8220;preset2&#8243; global_colors_info=&#8220;{}&#8220;][\/et_pb_image][\/et_pb_column][et_pb_column type=&#8220;3_5&#8243; _builder_version=&#8220;4.20.4&#8243; _module_preset=&#8220;default&#8220; global_colors_info=&#8220;{}&#8220;][et_pb_text _builder_version=&#8220;4.21.0&#8243; _module_preset=&#8220;default&#8220; global_colors_info=&#8220;{}&#8220;]<\/p>\n<h3>Projekte mit unserem Holz<\/h3>\n<p>Ob klein oder auch etwas gr\u00f6sser &#8211; wir fertigen Produkte f\u00fcr die verschiedensten Projekte an und liefern diese an Handwerker oder Privatkunden aus der Umgebung.<\/p>\n<p>Gerade bei Projekten mit lokalem Bezug und hohen Anforderungen an die ressourcenschonende Verarbeitung ohne lange Transportwege sind wir f\u00fcr Verarbeiter und Bauherren der ideale Partner. Wir sind bei sorgf\u00e4ltiger Planung durchaus auch in der Lage gr\u00f6ssere Volumen zu bew\u00e4ltigen.<\/p>\n<p>&nbsp;<\/p>\n<p>[\/et_pb_text][et_pb_button button_url=&#8220;@ET-DC@eyJkeW5hbWljIjp0cnVlLCJjb250ZW50IjoicG9zdF9saW5rX3VybF9wYWdlIiwic2V0dGluZ3MiOnsicG9zdF9pZCI6Ijg2MSJ9fQ==@&#8220; button_text=&#8220;Projekte&#8220; _builder_version=&#8220;4.27.4&#8243; _dynamic_attributes=&#8220;button_url&#8220; _module_preset=&#8220;default&#8220; global_colors_info=&#8220;{}&#8220;][\/et_pb_button][\/et_pb_column][\/et_pb_row][\/et_pb_section][et_pb_section fb_built=&#8220;1&#8243; _builder_version=&#8220;4.21.0&#8243; _module_preset=&#8220;default&#8220; background_color=&#8220;#f2f2f2&#8243; global_colors_info=&#8220;{}&#8220;][et_pb_row column_structure=&#8220;1_2,1_2&#8243; _builder_version=&#8220;4.21.0&#8243; _module_preset=&#8220;default&#8220; global_colors_info=&#8220;{}&#8220;][et_pb_column type=&#8220;1_2&#8243; _builder_version=&#8220;4.20.4&#8243; _module_preset=&#8220;default&#8220; global_colors_info=&#8220;{}&#8220;][et_pb_image src=&#8220;https:\/\/wirth-holz.ch\/site\/wp-content\/uploads\/2023\/05\/Staemme-Holzlager-Wald.jpg&#8220; _builder_version=&#8220;4.23&#8243; _module_preset=&#8220;default&#8220; box_shadow_style=&#8220;preset2&#8243; global_colors_info=&#8220;{}&#8220;][\/et_pb_image][\/et_pb_column][et_pb_column type=&#8220;1_2&#8243; _builder_version=&#8220;4.21.0&#8243; _module_preset=&#8220;default&#8220; global_colors_info=&#8220;{}&#8220;][et_pb_text _builder_version=&#8220;4.20.4&#8243; _module_preset=&#8220;default&#8220; text_orientation=&#8220;right&#8220; global_colors_info=&#8220;{}&#8220;]<\/p>\n<h1>Schweizer Holz<\/h1>\n<p><span>Das Label Schweizer Holz ist das verl\u00e4ssliche Zeichen f\u00fcr Holz aus der Schweiz, f\u00fcr die vollumf\u00e4ngliche Wertsch\u00f6pfung in der Schweiz \u2013 und f\u00fcr einen verantwortungsvollen und nachhaltigen Umgang mit Holz und Wald.<\/span><\/p>\n<p>&nbsp;<\/p>\n<p>[\/et_pb_text][et_pb_video src=&#8220;https:\/\/www.youtube.com\/embed\/rRxulwEg7yg&#8220; _builder_version=&#8220;4.20.4&#8243; _module_preset=&#8220;default&#8220; global_colors_info=&#8220;{}&#8220;][\/et_pb_video][et_pb_image src=&#8220;https:\/\/wirth-holz.ch\/site\/wp-content\/uploads\/2023\/05\/logo-Wirth-Schweizer-Holz.png&#8220; url=&#8220;https:\/\/www.holz-bois-legno.ch\/de\/leben-mit-holz\/betriebe-anbieter\/wirth-ag-bachs-saegerei-kistenfabrikation-spezialverpackungen&#8220; url_new_window=&#8220;on&#8220; _builder_version=&#8220;4.20.4&#8243; _module_preset=&#8220;default&#8220; global_colors_info=&#8220;{}&#8220;][\/et_pb_image][\/et_pb_column][\/et_pb_row][\/et_pb_section][et_pb_section fb_built=&#8220;1&#8243; _builder_version=&#8220;4.21.0&#8243; _module_preset=&#8220;default&#8220; background_color=&#8220;#FFFFFF&#8220; global_colors_info=&#8220;{}&#8220;][et_pb_row column_structure=&#8220;2_5,3_5&#8243; _builder_version=&#8220;4.20.4&#8243; _module_preset=&#8220;default&#8220; global_colors_info=&#8220;{}&#8220;][et_pb_column type=&#8220;2_5&#8243; _builder_version=&#8220;4.20.4&#8243; _module_preset=&#8220;default&#8220; global_colors_info=&#8220;{}&#8220;][et_pb_text _builder_version=&#8220;4.20.4&#8243; _module_preset=&#8220;default&#8220; global_colors_info=&#8220;{}&#8220;]<\/p>\n<h1>Holzarten<\/h1>\n<p>&nbsp;<\/p>\n<p>Wir verarbeiten prim\u00e4r Heimische Nadelh\u00f6lzer, die wir je nach Qualit\u00e4t und Dimension dem passenden Verwendungszweck zuf\u00fchren.<\/p>\n<p><strong>Fichte \/Rottanne<\/strong> ist unsere mengenm\u00e4ssig st\u00e4rkste Holzart. In den W\u00e4ldern ist die Fichte immer noch &#8211; wenn auch nicht mehr so dominant wie fr\u00fcher &#8211; der &#8222;Brotbaum&#8220; der Besitzer.<\/p>\n<p><strong>Tanne \/ Weisstanne<\/strong> nehmen wir mit, wenn sie anf\u00e4llt, weil sie f\u00fcr unsere Verwendung weniger geeignet ist als die Fichte.<\/p>\n<p><strong>F\u00f6hre \/ Waldf\u00f6hre (Kiefer) <\/strong>verarbeiten wir gerne und sehen zuk\u00fcnftig auch neben der Produktion von Verpackungen ein Potential in dieser Holzart f\u00fcr Fassaden und den Innenausbau.<\/p>\n<p><strong>L\u00e4rche<\/strong> finden wir in den umliegenden W\u00e4ldern in einer vom Laien nicht erwarteten, sch\u00f6nen Qualit\u00e4t und wir fertigen daraus auch Terrassen, Fassaden und Gartenartikel an.<\/p>\n<p><strong>Douglasie<\/strong> beziehen wir in bescheidenen Mengen aus dem Forst, sie ist gut zu verarbeiten und gerade aus den Erdst\u00e4mmen s\u00e4gen wir erstklassige Rohware f\u00fcr Aussenanwendungen.<\/p>\n<p>Die heimischen Laubh\u00f6lzer, wie\u00a0<strong>Eiche, <\/strong><strong>Buche oder Esche <\/strong>s\u00e4gen wir nur als Erg\u00e4nzung, also auf Wunsch unserer Kunden und legen uns jeweils einen kleinen Lagerbestand an.<span style=\"text-decoration: underline;\"><a href=\"https:\/\/wirth-holz.ch\/site\/?p=343\"><\/a><\/span><strong><\/strong><\/p>\n<p>&nbsp;<\/p>\n<p>[\/et_pb_text][\/et_pb_column][et_pb_column type=&#8220;3_5&#8243; _builder_version=&#8220;4.20.4&#8243; _module_preset=&#8220;default&#8220; global_colors_info=&#8220;{}&#8220;][et_pb_image src=&#8220;https:\/\/wirth-holz.ch\/site\/wp-content\/uploads\/2023\/05\/Wald-Bachs-duester.jpg&#8220; _builder_version=&#8220;4.23&#8243; _module_preset=&#8220;default&#8220; box_shadow_style=&#8220;preset2&#8243; global_colors_info=&#8220;{}&#8220;][\/et_pb_image][et_pb_button button_url=&#8220;https:\/\/wirth-holz.ch\/site\/?p=343&#8243; button_text=&#8220;Wissenswertes zu den Holzarten&#8220; _builder_version=&#8220;4.20.4&#8243; _module_preset=&#8220;default&#8220; global_colors_info=&#8220;{}&#8220;][\/et_pb_button][\/et_pb_column][\/et_pb_row][\/et_pb_section][et_pb_section fb_built=&#8220;1&#8243; _builder_version=&#8220;4.23.1&#8243; _module_preset=&#8220;default&#8220; global_colors_info=&#8220;{}&#8220;][et_pb_row _builder_version=&#8220;4.23.1&#8243; _module_preset=&#8220;default&#8220; global_colors_info=&#8220;{}&#8220;][et_pb_column type=&#8220;4_4&#8243; _builder_version=&#8220;4.23.1&#8243; _module_preset=&#8220;default&#8220; global_colors_info=&#8220;{}&#8220;][et_pb_image src=&#8220;https:\/\/wirth-holz.ch\/site\/wp-content\/uploads\/2023\/11\/Wirth-Bretter-Kisten-Paletten.jpg&#8220; title_text=&#8220;Wirth Bretter Kisten Paletten&#8220; _builder_version=&#8220;4.23.1&#8243; _module_preset=&#8220;default&#8220; global_colors_info=&#8220;{}&#8220;][\/et_pb_image][\/et_pb_column][\/et_pb_row][\/et_pb_section]<\/p>\n","protected":false},"excerpt":{"rendered":"<p>Regionaler Rohstoff Wir verarbeiten zu 100% Schweizer Holz, \u00fcberwiegend aus der Region Z\u00fcrcher Unterland und dem angrenzenden Aargau. Nat\u00fcrlich bem\u00fchen wir uns auch die Wertsch\u00f6pfung m\u00f6glichst in der Region zu halten. Mit den W\u00e4ldern von B\u00fclach, \u00fcber den Stadlerberg bis hin zum Rhein, sowie jenen im Bachser-, Wehn- und Surbtal haben wir sehr sch\u00f6ne und [&hellip;]<\/p>\n","protected":false},"author":1,"featured_media":0,"parent":0,"menu_order":0,"comment_status":"closed","ping_status":"closed","template":"","meta":{"_et_pb_use_builder":"on","_et_pb_old_content":"<!-- wp:paragraph -->\n<p>This is an example page. It's different from a blog post because it will stay in one place and will show up in your site navigation (in most themes). Most people start with an About page that introduces them to potential site visitors. It might say something like this:<\/p>\n<!-- \/wp:paragraph -->\n\n<!-- wp:quote -->\n<blockquote class=\"wp-block-quote\"><!-- wp:paragraph -->\n<p>Hi there! I'm a bike messenger by day, aspiring actor by night, and this is my website. I live in Los Angeles, have a great dog named Jack, and I like pi\u00f1a coladas. (And gettin' caught in the rain.)<\/p>\n<!-- \/wp:paragraph --><\/blockquote>\n<!-- \/wp:quote -->\n\n<!-- wp:paragraph -->\n<p>...or something like this:<\/p>\n<!-- \/wp:paragraph -->\n\n<!-- wp:quote -->\n<blockquote class=\"wp-block-quote\"><!-- wp:paragraph -->\n<p>The XYZ Doohickey Company was founded in 1971, and has been providing quality doohickeys to the public ever since. Located in Gotham City, XYZ employs over 2,000 people and does all kinds of awesome things for the Gotham community.<\/p>\n<!-- \/wp:paragraph --><\/blockquote>\n<!-- \/wp:quote -->\n\n<!-- wp:paragraph -->\n<p>As a new WordPress user, you should go to <a href=\"https:\/\/wirth-holz.ch\/site\/wp-admin\/\">your dashboard<\/a> to delete this page and create new pages for your content. Have fun!<\/p>\n<!-- \/wp:paragraph -->","_et_gb_content_width":"1080","footnotes":""},"class_list":["post-2","page","type-page","status-publish","hentry"],"_links":{"self":[{"href":"https:\/\/wirth-holz.ch\/site\/index.php?rest_route=\/wp\/v2\/pages\/2","targetHints":{"allow":["GET"]}}],"collection":[{"href":"https:\/\/wirth-holz.ch\/site\/index.php?rest_route=\/wp\/v2\/pages"}],"about":[{"href":"https:\/\/wirth-holz.ch\/site\/index.php?rest_route=\/wp\/v2\/types\/page"}],"author":[{"embeddable":true,"href":"https:\/\/wirth-holz.ch\/site\/index.php?rest_route=\/wp\/v2\/users\/1"}],"replies":[{"embeddable":true,"href":"https:\/\/wirth-holz.ch\/site\/index.php?rest_route=%2Fwp%2Fv2%2Fcomments&post=2"}],"version-history":[{"count":70,"href":"https:\/\/wirth-holz.ch\/site\/index.php?rest_route=\/wp\/v2\/pages\/2\/revisions"}],"predecessor-version":[{"id":882,"href":"https:\/\/wirth-holz.ch\/site\/index.php?rest_route=\/wp\/v2\/pages\/2\/revisions\/882"}],"wp:attachment":[{"href":"https:\/\/wirth-holz.ch\/site\/index.php?rest_route=%2Fwp%2Fv2%2Fmedia&parent=2"}],"curies":[{"name":"wp","href":"https:\/\/api.w.org\/{rel}","templated":true}]}}